{"id":22,"date":"2022-07-21T18:36:52","date_gmt":"2022-07-21T16:36:52","guid":{"rendered":"https:\/\/swaysandstruts.fr\/index.php\/teluro\/"},"modified":"2026-05-01T10:10:13","modified_gmt":"2026-05-01T08:10:13","slug":"teluro","status":"publish","type":"page","link":"https:\/\/swaysandstruts.fr\/","title":{"rendered":"Accueil"},"content":{"rendered":"\t\t<div data-elementor-type=\"wp-page\" data-elementor-id=\"22\" class=\"elementor elementor-22\">\n\t\t\t\t<div class=\"elementor-element elementor-element-c418282 e-flex e-con-boxed e-con e-parent\" data-id=\"c418282\" data-element_type=\"container\" data-e-type=\"container\">\n\t\t\t\t\t<div class=\"e-con-inner\">\n\t\t\t\t<div class=\"elementor-element elementor-element-b972da2 elementor-widget__width-initial elementor-widget elementor-widget-text-editor\" data-id=\"b972da2\" data-element_type=\"widget\" data-e-type=\"widget\" data-widget_type=\"text-editor.default\">\n\t\t\t\t<div class=\"elementor-widget-container\">\n\t\t\t\t\t\t\t\t\t<p><span style=\"text-decoration: underline;\">Derni\u00e8re mise \u00e0 jour:<\/span> 01\/05\/2026<\/p>\t\t\t\t\t\t\t\t<\/div>\n\t\t\t\t<\/div>\n\t\t\t\t\t<\/div>\n\t\t\t\t<\/div>\n\t\t\t\t<section class=\"elementor-section elementor-top-section elementor-element elementor-element-e8324b1 elementor-section-boxed elementor-section-height-default elementor-section-height-default\" data-id=\"e8324b1\" data-element_type=\"section\" data-e-type=\"section\">\n\t\t\t\t\t\t<div class=\"elementor-container elementor-column-gap-default\">\n\t\t\t\t\t<div class=\"elementor-column elementor-col-100 elementor-top-column elementor-element elementor-element-dabcd19 animated-slow elementor-invisible\" data-id=\"dabcd19\" data-element_type=\"column\" data-e-type=\"column\" data-settings=\"{&quot;animation&quot;:&quot;slideInRight&quot;,&quot;animation_delay&quot;:100}\">\n\t\t\t<div class=\"elementor-widget-wrap elementor-element-populated\">\n\t\t\t\t\t\t<div class=\"elementor-element elementor-element-cc985c2 elementor-widget__width-inherit elementor-invisible elementor-widget elementor-widget-image\" data-id=\"cc985c2\" data-element_type=\"widget\" data-e-type=\"widget\" data-settings=\"{&quot;_animation&quot;:&quot;zoomIn&quot;,&quot;_animation_delay&quot;:200}\" data-widget_type=\"image.default\">\n\t\t\t\t<div class=\"elementor-widget-container\">\n\t\t\t\t\t\t\t\t\t\t\t\t\t\t\t<img decoding=\"async\" src=\"https:\/\/swaysandstruts.fr\/wp-content\/uploads\/elementor\/thumbs\/Welcome-Sways-and-Struts-5-1-psohteyrgxg7uj9lc6buv72co5b2abo6cejflwlihi.png\" title=\"Welcome Sways and Struts-5\" alt=\"Welcome Sways and Struts-5\" loading=\"lazy\" \/>\t\t\t\t\t\t\t\t\t\t\t\t\t\t\t<\/div>\n\t\t\t\t<\/div>\n\t\t\t\t\t<\/div>\n\t\t<\/div>\n\t\t\t\t\t<\/div>\n\t\t<\/section>\n\t\t<div class=\"elementor-element elementor-element-6dde985 e-flex e-con-boxed e-con e-parent\" data-id=\"6dde985\" data-element_type=\"container\" data-e-type=\"container\">\n\t\t\t\t\t<div class=\"e-con-inner\">\n\t\t\t\t<div class=\"elementor-element elementor-element-a4a3090 elementor-widget elementor-widget-image\" data-id=\"a4a3090\" data-element_type=\"widget\" data-e-type=\"widget\" data-widget_type=\"image.default\">\n\t\t\t\t<div class=\"elementor-widget-container\">\n\t\t\t\t\t\t\t\t\t\t\t\t\t\t\t<img fetchpriority=\"high\" decoding=\"async\" width=\"702\" height=\"779\" src=\"https:\/\/swaysandstruts.fr\/wp-content\/uploads\/2023\/10\/SnS-publi.png\" class=\"attachment-large size-large wp-image-7317\" alt=\"\" srcset=\"https:\/\/swaysandstruts.fr\/wp-content\/uploads\/2023\/10\/SnS-publi.png 702w, https:\/\/swaysandstruts.fr\/wp-content\/uploads\/2023\/10\/SnS-publi-270x300.png 270w\" sizes=\"(max-width: 702px) 100vw, 702px\" \/>\t\t\t\t\t\t\t\t\t\t\t\t\t\t\t<\/div>\n\t\t\t\t<\/div>\n\t\t\t\t\t<\/div>\n\t\t\t\t<\/div>\n\t\t<div class=\"elementor-element elementor-element-36ee317 e-flex e-con-boxed e-con e-parent\" data-id=\"36ee317\" data-element_type=\"container\" data-e-type=\"container\">\n\t\t\t\t\t<div class=\"e-con-inner\">\n\t\t\t\t<div class=\"elementor-element elementor-element-c7bb984 elementor-widget elementor-widget-spacer\" data-id=\"c7bb984\" data-element_type=\"widget\" data-e-type=\"widget\" data-widget_type=\"spacer.default\">\n\t\t\t\t<div class=\"elementor-widget-container\">\n\t\t\t\t\t\t\t<div class=\"elementor-spacer\">\n\t\t\t<div class=\"elementor-spacer-inner\"><\/div>\n\t\t<\/div>\n\t\t\t\t\t\t<\/div>\n\t\t\t\t<\/div>\n\t\t\t\t\t<\/div>\n\t\t\t\t<\/div>\n\t\t<div class=\"elementor-element elementor-element-b3067bd e-flex e-con-boxed e-con e-parent\" data-id=\"b3067bd\" data-element_type=\"container\" data-e-type=\"container\" data-settings=\"{&quot;background_background&quot;:&quot;classic&quot;}\">\n\t\t\t\t\t<div class=\"e-con-inner\">\n\t\t\t\t<div class=\"elementor-element elementor-element-0137059 elementor-widget__width-initial elementor-widget-mobile__width-initial elementor-widget elementor-widget-image\" data-id=\"0137059\" data-element_type=\"widget\" data-e-type=\"widget\" data-widget_type=\"image.default\">\n\t\t\t\t<div class=\"elementor-widget-container\">\n\t\t\t\t\t\t\t\t\t\t\t\t\t\t\t<img decoding=\"async\" width=\"960\" height=\"452\" src=\"https:\/\/swaysandstruts.fr\/wp-content\/uploads\/2022\/07\/cropped-Logo-titre-2-1024x482.png\" class=\"attachment-large size-large wp-image-213\" alt=\"\" srcset=\"https:\/\/swaysandstruts.fr\/wp-content\/uploads\/2022\/07\/cropped-Logo-titre-2-1024x482.png 1024w, https:\/\/swaysandstruts.fr\/wp-content\/uploads\/2022\/07\/cropped-Logo-titre-2-300x141.png 300w, https:\/\/swaysandstruts.fr\/wp-content\/uploads\/2022\/07\/cropped-Logo-titre-2-768x362.png 768w, https:\/\/swaysandstruts.fr\/wp-content\/uploads\/2022\/07\/cropped-Logo-titre-2-1140x537.png 1140w, https:\/\/swaysandstruts.fr\/wp-content\/uploads\/2022\/07\/cropped-Logo-titre-2.png 1522w\" sizes=\"(max-width: 960px) 100vw, 960px\" \/>\t\t\t\t\t\t\t\t\t\t\t\t\t\t\t<\/div>\n\t\t\t\t<\/div>\n\t\t\t\t\t<\/div>\n\t\t\t\t<\/div>\n\t\t<div class=\"elementor-element elementor-element-0034c87 e-flex e-con-boxed e-con e-parent\" data-id=\"0034c87\" data-element_type=\"container\" data-e-type=\"container\">\n\t\t\t\t\t<div class=\"e-con-inner\">\n\t\t<div class=\"elementor-element elementor-element-f98887c e-con-full e-flex e-con e-child\" data-id=\"f98887c\" data-element_type=\"container\" data-e-type=\"container\">\n\t\t\t\t<div class=\"elementor-element elementor-element-e43c384 elementor-widget elementor-widget-image\" data-id=\"e43c384\" data-element_type=\"widget\" data-e-type=\"widget\" data-widget_type=\"image.default\">\n\t\t\t\t<div class=\"elementor-widget-container\">\n\t\t\t\t\t\t\t\t\t\t\t\t\t\t\t<img decoding=\"async\" src=\"https:\/\/swaysandstruts.fr\/wp-content\/uploads\/elementor\/thumbs\/NicePng_copyright-symbol-png_237852-pt1w1j8hmdsd2zqr56t3ie097j0uff6pzkzq6ur8wc.png\" title=\"NicePng_copyright-symbol-png_237852\" alt=\"NicePng_copyright-symbol-png_237852\" loading=\"lazy\" \/>\t\t\t\t\t\t\t\t\t\t\t\t\t\t\t<\/div>\n\t\t\t\t<\/div>\n\t\t\t\t<\/div>\n\t\t<div class=\"elementor-element elementor-element-d3f10a5 e-con-full e-flex e-con e-child\" data-id=\"d3f10a5\" data-element_type=\"container\" data-e-type=\"container\">\n\t\t\t\t<div class=\"elementor-element elementor-element-3c1608d elementor-widget__width-initial elementor-widget elementor-widget-text-editor\" data-id=\"3c1608d\" data-element_type=\"widget\" data-e-type=\"widget\" data-widget_type=\"text-editor.default\">\n\t\t\t\t<div class=\"elementor-widget-container\">\n\t\t\t\t\t\t\t\t\t<p>Juillet 2022 &#8211; Cr\u00e9\u00e9 et publi\u00e9 par SWAYS &amp; STRUTS &#8211;\u00a0 Tous droits r\u00e9serv\u00e9s<\/p>\t\t\t\t\t\t\t\t<\/div>\n\t\t\t\t<\/div>\n\t\t\t\t<div class=\"elementor-element elementor-element-f59b545 elementor-widget__width-initial elementor-widget elementor-widget-text-editor\" data-id=\"f59b545\" data-element_type=\"widget\" data-e-type=\"widget\" data-widget_type=\"text-editor.default\">\n\t\t\t\t<div class=\"elementor-widget-container\">\n\t\t\t\t\t\t\t\t\t<p>Ce site a n\u00e9cessit\u00e9 de nombreuses heures de travail. Demander l&#8217;autorisation \u00e0 l&#8217;auteur pour en copier le contenu.<\/p><p>Th\u00e8me ThemeEnfantSwaysNStruts par JC PRESOTTO.<\/p>\t\t\t\t\t\t\t\t<\/div>\n\t\t\t\t<\/div>\n\t\t\t\t<\/div>\n\t\t\t\t\t<\/div>\n\t\t\t\t<\/div>\n\t\t\t\t<\/div>\n\t\t","protected":false},"excerpt":{"rendered":"<p>Derni\u00e8re mise \u00e0 jour: 01\/05\/2026 Juillet 2022 &#8211; Cr\u00e9\u00e9 et publi\u00e9 par SWAYS &amp; STRUTS &#8211;\u00a0 Tous droits r\u00e9serv\u00e9s Ce site a n\u00e9cessit\u00e9 de nombreuses heures de travail. Demander l&#8217;autorisation \u00e0 l&#8217;auteur pour en copier le contenu. Th\u00e8me ThemeEnfantSwaysNStruts par JC PRESOTTO.<\/p>\n","protected":false},"author":1,"featured_media":0,"parent":0,"menu_order":0,"comment_status":"closed","ping_status":"closed","template":"elementor_header_footer","meta":{"_seopress_robots_primary_cat":"","_seopress_titles_title":"","_seopress_titles_desc":"","_seopress_robots_index":"","footnotes":""},"class_list":["post-22","page","type-page","status-publish","hentry"],"_links":{"self":[{"href":"https:\/\/swaysandstruts.fr\/index.php\/wp-json\/wp\/v2\/pages\/22","targetHints":{"allow":["GET"]}}],"collection":[{"href":"https:\/\/swaysandstruts.fr\/index.php\/wp-json\/wp\/v2\/pages"}],"about":[{"href":"https:\/\/swaysandstruts.fr\/index.php\/wp-json\/wp\/v2\/types\/page"}],"author":[{"embeddable":true,"href":"https:\/\/swaysandstruts.fr\/index.php\/wp-json\/wp\/v2\/users\/1"}],"replies":[{"embeddable":true,"href":"https:\/\/swaysandstruts.fr\/index.php\/wp-json\/wp\/v2\/comments?post=22"}],"version-history":[{"count":699,"href":"https:\/\/swaysandstruts.fr\/index.php\/wp-json\/wp\/v2\/pages\/22\/revisions"}],"predecessor-version":[{"id":11664,"href":"https:\/\/swaysandstruts.fr\/index.php\/wp-json\/wp\/v2\/pages\/22\/revisions\/11664"}],"wp:attachment":[{"href":"https:\/\/swaysandstruts.fr\/index.php\/wp-json\/wp\/v2\/media?parent=22"}],"curies":[{"name":"wp","href":"https:\/\/api.w.org\/{rel}","templated":true}]}}